{"id":952,"date":"2013-03-08T23:23:29","date_gmt":"2013-03-08T22:23:29","guid":{"rendered":"http:\/\/www.reloader.ch\/rock-cover-band\/?page_id=952"},"modified":"2018-10-14T16:04:44","modified_gmt":"2018-10-14T14:04:44","slug":"walder-rock-night-2012","status":"publish","type":"page","link":"https:\/\/www.reloader.ch\/rock-cover-band\/walder-rock-night-2012\/","title":{"rendered":"Walder Rock-Night | 2012"},"content":{"rendered":"<p>Es ist f\u00fcr jede Band eine Ehre, ein Gastspiel bei der Walder Rock-Night geben zu k\u00f6nnen. RELOADER waren 2012 eingeladen f\u00fcr Stimmung zu sorgen.<\/p>\n<h4>RELOADER an der Walder Rock-Night<\/h4>\n<p><a href=\"https:\/\/www.reloader.ch\/rock-cover-band\/wp-content\/uploads\/2013\/03\/599490_441352312576850_885219299_n.jpg\"><img loading=\"lazy\" decoding=\"async\" src=\"https:\/\/www.reloader.ch\/rock-cover-band\/wp-content\/uploads\/2013\/03\/599490_441352312576850_885219299_n-150x150.jpg\" alt=\"599490_441352312576850_885219299_n\" width=\"150\" height=\"150\" class=\"alignleft size-thumbnail wp-image-951\" srcset=\"https:\/\/www.reloader.ch\/rock-cover-band\/wp-content\/uploads\/2013\/03\/599490_441352312576850_885219299_n-150x150.jpg 150w, https:\/\/www.reloader.ch\/rock-cover-band\/wp-content\/uploads\/2013\/03\/599490_441352312576850_885219299_n-300x300.jpg 300w, https:\/\/www.reloader.ch\/rock-cover-band\/wp-content\/uploads\/2013\/03\/599490_441352312576850_885219299_n-100x100.jpg 100w\" sizes=\"auto, (max-width: 150px) 100vw, 150px\" \/><\/a><\/p>\n<p><a href=\"https:\/\/www.reloader.ch\/rock-cover-band\/wp-content\/uploads\/2013\/03\/582556_441352285910186_669998415_n.jpg\"><img loading=\"lazy\" decoding=\"async\" src=\"https:\/\/www.reloader.ch\/rock-cover-band\/wp-content\/uploads\/2013\/03\/582556_441352285910186_669998415_n-150x150.jpg\" alt=\"582556_441352285910186_669998415_n\" width=\"150\" height=\"150\" class=\"alignleft size-thumbnail wp-image-950\" srcset=\"https:\/\/www.reloader.ch\/rock-cover-band\/wp-content\/uploads\/2013\/03\/582556_441352285910186_669998415_n-150x150.jpg 150w, https:\/\/www.reloader.ch\/rock-cover-band\/wp-content\/uploads\/2013\/03\/582556_441352285910186_669998415_n-300x300.jpg 300w, https:\/\/www.reloader.ch\/rock-cover-band\/wp-content\/uploads\/2013\/03\/582556_441352285910186_669998415_n-100x100.jpg 100w\" sizes=\"auto, (max-width: 150px) 100vw, 150px\" \/><\/a><\/p>\n<p><a href=\"https:\/\/www.reloader.ch\/rock-cover-band\/wp-content\/uploads\/2013\/03\/558732_441352345910180_630954983_n.jpg\"><img loading=\"lazy\" decoding=\"async\" src=\"https:\/\/www.reloader.ch\/rock-cover-band\/wp-content\/uploads\/2013\/03\/558732_441352345910180_630954983_n-150x150.jpg\" alt=\"558732_441352345910180_630954983_n\" width=\"150\" height=\"150\" class=\"alignleft size-thumbnail wp-image-949\" srcset=\"https:\/\/www.reloader.ch\/rock-cover-band\/wp-content\/uploads\/2013\/03\/558732_441352345910180_630954983_n-150x150.jpg 150w, https:\/\/www.reloader.ch\/rock-cover-band\/wp-content\/uploads\/2013\/03\/558732_441352345910180_630954983_n-300x300.jpg 300w, https:\/\/www.reloader.ch\/rock-cover-band\/wp-content\/uploads\/2013\/03\/558732_441352345910180_630954983_n-100x100.jpg 100w\" sizes=\"auto, (max-width: 150px) 100vw, 150px\" \/><\/a><\/p>\n<p><a href=\"https:\/\/www.reloader.ch\/rock-cover-band\/wp-content\/uploads\/2013\/03\/555587_441352259243522_182979592_n.jpg\"><img loading=\"lazy\" decoding=\"async\" src=\"https:\/\/www.reloader.ch\/rock-cover-band\/wp-content\/uploads\/2013\/03\/555587_441352259243522_182979592_n-150x150.jpg\" alt=\"555587_441352259243522_182979592_n\" width=\"150\" height=\"150\" class=\"alignleft size-thumbnail wp-image-948\" srcset=\"https:\/\/www.reloader.ch\/rock-cover-band\/wp-content\/uploads\/2013\/03\/555587_441352259243522_182979592_n-150x150.jpg 150w, https:\/\/www.reloader.ch\/rock-cover-band\/wp-content\/uploads\/2013\/03\/555587_441352259243522_182979592_n-300x300.jpg 300w, https:\/\/www.reloader.ch\/rock-cover-band\/wp-content\/uploads\/2013\/03\/555587_441352259243522_182979592_n-100x100.jpg 100w\" sizes=\"auto, (max-width: 150px) 100vw, 150px\" \/><\/a><\/p>\n<p><a href=\"https:\/\/www.reloader.ch\/rock-cover-band\/wp-content\/uploads\/2013\/03\/553666_441352502576831_1888762724_n.jpg\"><img loading=\"lazy\" decoding=\"async\" src=\"https:\/\/www.reloader.ch\/rock-cover-band\/wp-content\/uploads\/2013\/03\/553666_441352502576831_1888762724_n-150x150.jpg\" alt=\"553666_441352502576831_1888762724_n\" width=\"150\" height=\"150\" class=\"alignleft size-thumbnail wp-image-947\" srcset=\"https:\/\/www.reloader.ch\/rock-cover-band\/wp-content\/uploads\/2013\/03\/553666_441352502576831_1888762724_n-150x150.jpg 150w, https:\/\/www.reloader.ch\/rock-cover-band\/wp-content\/uploads\/2013\/03\/553666_441352502576831_1888762724_n-300x300.jpg 300w, https:\/\/www.reloader.ch\/rock-cover-band\/wp-content\/uploads\/2013\/03\/553666_441352502576831_1888762724_n-100x100.jpg 100w\" sizes=\"auto, (max-width: 150px) 100vw, 150px\" \/><\/a><\/p>\n<p><a href=\"https:\/\/www.reloader.ch\/rock-cover-band\/wp-content\/uploads\/2013\/03\/545935_441338839244864_2078306156_n.jpg\"><img loading=\"lazy\" decoding=\"async\" src=\"https:\/\/www.reloader.ch\/rock-cover-band\/wp-content\/uploads\/2013\/03\/545935_441338839244864_2078306156_n-150x150.jpg\" alt=\"545935_441338839244864_2078306156_n\" width=\"150\" height=\"150\" class=\"alignleft size-thumbnail wp-image-946\" srcset=\"https:\/\/www.reloader.ch\/rock-cover-band\/wp-content\/uploads\/2013\/03\/545935_441338839244864_2078306156_n-150x150.jpg 150w, https:\/\/www.reloader.ch\/rock-cover-band\/wp-content\/uploads\/2013\/03\/545935_441338839244864_2078306156_n-300x300.jpg 300w, https:\/\/www.reloader.ch\/rock-cover-band\/wp-content\/uploads\/2013\/03\/545935_441338839244864_2078306156_n-100x100.jpg 100w\" sizes=\"auto, (max-width: 150px) 100vw, 150px\" \/><\/a><\/p>\n<p><a href=\"https:\/\/www.reloader.ch\/rock-cover-band\/wp-content\/uploads\/2013\/03\/531112_441352482576833_1121826483_n.jpg\"><img loading=\"lazy\" decoding=\"async\" src=\"https:\/\/www.reloader.ch\/rock-cover-band\/wp-content\/uploads\/2013\/03\/531112_441352482576833_1121826483_n-150x150.jpg\" alt=\"531112_441352482576833_1121826483_n\" width=\"150\" height=\"150\" class=\"alignleft size-thumbnail wp-image-945\" srcset=\"https:\/\/www.reloader.ch\/rock-cover-band\/wp-content\/uploads\/2013\/03\/531112_441352482576833_1121826483_n-150x150.jpg 150w, https:\/\/www.reloader.ch\/rock-cover-band\/wp-content\/uploads\/2013\/03\/531112_441352482576833_1121826483_n-300x300.jpg 300w, https:\/\/www.reloader.ch\/rock-cover-band\/wp-content\/uploads\/2013\/03\/531112_441352482576833_1121826483_n-100x100.jpg 100w\" sizes=\"auto, (max-width: 150px) 100vw, 150px\" \/><\/a><\/p>\n<p><a href=\"https:\/\/www.reloader.ch\/rock-cover-band\/wp-content\/uploads\/2013\/03\/527889_441352359243512_1617345973_n.jpg\"><img loading=\"lazy\" decoding=\"async\" src=\"https:\/\/www.reloader.ch\/rock-cover-band\/wp-content\/uploads\/2013\/03\/527889_441352359243512_1617345973_n-150x150.jpg\" alt=\"527889_441352359243512_1617345973_n\" width=\"150\" height=\"150\" class=\"alignleft size-thumbnail wp-image-944\" srcset=\"https:\/\/www.reloader.ch\/rock-cover-band\/wp-content\/uploads\/2013\/03\/527889_441352359243512_1617345973_n-150x150.jpg 150w, https:\/\/www.reloader.ch\/rock-cover-band\/wp-content\/uploads\/2013\/03\/527889_441352359243512_1617345973_n-300x300.jpg 300w, https:\/\/www.reloader.ch\/rock-cover-band\/wp-content\/uploads\/2013\/03\/527889_441352359243512_1617345973_n-100x100.jpg 100w\" sizes=\"auto, (max-width: 150px) 100vw, 150px\" \/><\/a><\/p>\n<p><a href=\"https:\/\/www.reloader.ch\/rock-cover-band\/wp-content\/uploads\/2013\/03\/523538_441352195910195_265202201_n.jpg\"><img loading=\"lazy\" decoding=\"async\" src=\"https:\/\/www.reloader.ch\/rock-cover-band\/wp-content\/uploads\/2013\/03\/523538_441352195910195_265202201_n-150x150.jpg\" alt=\"523538_441352195910195_265202201_n\" width=\"150\" height=\"150\" class=\"alignleft size-thumbnail wp-image-943\" srcset=\"https:\/\/www.reloader.ch\/rock-cover-band\/wp-content\/uploads\/2013\/03\/523538_441352195910195_265202201_n-150x150.jpg 150w, https:\/\/www.reloader.ch\/rock-cover-band\/wp-content\/uploads\/2013\/03\/523538_441352195910195_265202201_n-300x300.jpg 300w, https:\/\/www.reloader.ch\/rock-cover-band\/wp-content\/uploads\/2013\/03\/523538_441352195910195_265202201_n-100x100.jpg 100w\" sizes=\"auto, (max-width: 150px) 100vw, 150px\" \/><\/a><\/p>\n<p><a href=\"https:\/\/www.reloader.ch\/rock-cover-band\/wp-content\/uploads\/2013\/03\/523114_441352509243497_1268204995_n.jpg\"><img loading=\"lazy\" decoding=\"async\" src=\"https:\/\/www.reloader.ch\/rock-cover-band\/wp-content\/uploads\/2013\/03\/523114_441352509243497_1268204995_n-150x150.jpg\" alt=\"523114_441352509243497_1268204995_n\" width=\"150\" height=\"150\" class=\"alignleft size-thumbnail wp-image-942\" srcset=\"https:\/\/www.reloader.ch\/rock-cover-band\/wp-content\/uploads\/2013\/03\/523114_441352509243497_1268204995_n-150x150.jpg 150w, https:\/\/www.reloader.ch\/rock-cover-band\/wp-content\/uploads\/2013\/03\/523114_441352509243497_1268204995_n-300x300.jpg 300w, https:\/\/www.reloader.ch\/rock-cover-band\/wp-content\/uploads\/2013\/03\/523114_441352509243497_1268204995_n-100x100.jpg 100w\" sizes=\"auto, (max-width: 150px) 100vw, 150px\" \/><\/a><\/p>\n<p><a href=\"https:\/\/www.reloader.ch\/rock-cover-band\/wp-content\/uploads\/2013\/03\/420045_441352435910171_1826899857_n.jpg\"><img loading=\"lazy\" decoding=\"async\" src=\"https:\/\/www.reloader.ch\/rock-cover-band\/wp-content\/uploads\/2013\/03\/420045_441352435910171_1826899857_n-150x150.jpg\" alt=\"420045_441352435910171_1826899857_n\" width=\"150\" height=\"150\" class=\"alignleft size-thumbnail wp-image-941\" srcset=\"https:\/\/www.reloader.ch\/rock-cover-band\/wp-content\/uploads\/2013\/03\/420045_441352435910171_1826899857_n-150x150.jpg 150w, https:\/\/www.reloader.ch\/rock-cover-band\/wp-content\/uploads\/2013\/03\/420045_441352435910171_1826899857_n-300x300.jpg 300w, https:\/\/www.reloader.ch\/rock-cover-band\/wp-content\/uploads\/2013\/03\/420045_441352435910171_1826899857_n-100x100.jpg 100w\" sizes=\"auto, (max-width: 150px) 100vw, 150px\" \/><\/a><\/p>\n<p><a href=\"https:\/\/www.reloader.ch\/rock-cover-band\/wp-content\/uploads\/2013\/03\/405356_441352269243521_1563634249_n.jpg\"><img loading=\"lazy\" decoding=\"async\" src=\"https:\/\/www.reloader.ch\/rock-cover-band\/wp-content\/uploads\/2013\/03\/405356_441352269243521_1563634249_n-150x150.jpg\" alt=\"405356_441352269243521_1563634249_n\" width=\"150\" height=\"150\" class=\"alignleft size-thumbnail wp-image-940\" srcset=\"https:\/\/www.reloader.ch\/rock-cover-band\/wp-content\/uploads\/2013\/03\/405356_441352269243521_1563634249_n-150x150.jpg 150w, https:\/\/www.reloader.ch\/rock-cover-band\/wp-content\/uploads\/2013\/03\/405356_441352269243521_1563634249_n-300x300.jpg 300w, https:\/\/www.reloader.ch\/rock-cover-band\/wp-content\/uploads\/2013\/03\/405356_441352269243521_1563634249_n-100x100.jpg 100w\" sizes=\"auto, (max-width: 150px) 100vw, 150px\" \/><\/a><\/p>\n<p><a href=\"https:\/\/www.reloader.ch\/rock-cover-band\/wp-content\/uploads\/2013\/03\/399653_441352409243507_1617259276_n.jpg\"><img loading=\"lazy\" decoding=\"async\" src=\"https:\/\/www.reloader.ch\/rock-cover-band\/wp-content\/uploads\/2013\/03\/399653_441352409243507_1617259276_n-150x150.jpg\" alt=\"399653_441352409243507_1617259276_n\" width=\"150\" height=\"150\" class=\"alignleft size-thumbnail wp-image-939\" srcset=\"https:\/\/www.reloader.ch\/rock-cover-band\/wp-content\/uploads\/2013\/03\/399653_441352409243507_1617259276_n-150x150.jpg 150w, https:\/\/www.reloader.ch\/rock-cover-band\/wp-content\/uploads\/2013\/03\/399653_441352409243507_1617259276_n-300x300.jpg 300w, https:\/\/www.reloader.ch\/rock-cover-band\/wp-content\/uploads\/2013\/03\/399653_441352409243507_1617259276_n-100x100.jpg 100w\" sizes=\"auto, (max-width: 150px) 100vw, 150px\" \/><\/a><\/p>\n<p><a href=\"https:\/\/www.reloader.ch\/rock-cover-band\/wp-content\/uploads\/2013\/03\/377336_441352332576848_1942133238_n.jpg\"><img loading=\"lazy\" decoding=\"async\" src=\"https:\/\/www.reloader.ch\/rock-cover-band\/wp-content\/uploads\/2013\/03\/377336_441352332576848_1942133238_n-150x150.jpg\" alt=\"377336_441352332576848_1942133238_n\" width=\"150\" height=\"150\" class=\"alignleft size-thumbnail wp-image-938\" srcset=\"https:\/\/www.reloader.ch\/rock-cover-band\/wp-content\/uploads\/2013\/03\/377336_441352332576848_1942133238_n-150x150.jpg 150w, https:\/\/www.reloader.ch\/rock-cover-band\/wp-content\/uploads\/2013\/03\/377336_441352332576848_1942133238_n-300x300.jpg 300w, https:\/\/www.reloader.ch\/rock-cover-band\/wp-content\/uploads\/2013\/03\/377336_441352332576848_1942133238_n-100x100.jpg 100w\" sizes=\"auto, (max-width: 150px) 100vw, 150px\" \/><\/a><\/p>\n<p><a href=\"https:\/\/www.reloader.ch\/rock-cover-band\/wp-content\/uploads\/2013\/03\/303583_441352385910176_211385208_n.jpg\"><img loading=\"lazy\" decoding=\"async\" src=\"https:\/\/www.reloader.ch\/rock-cover-band\/wp-content\/uploads\/2013\/03\/303583_441352385910176_211385208_n-150x150.jpg\" alt=\"303583_441352385910176_211385208_n\" width=\"150\" height=\"150\" class=\"alignleft size-thumbnail wp-image-937\" srcset=\"https:\/\/www.reloader.ch\/rock-cover-band\/wp-content\/uploads\/2013\/03\/303583_441352385910176_211385208_n-150x150.jpg 150w, https:\/\/www.reloader.ch\/rock-cover-band\/wp-content\/uploads\/2013\/03\/303583_441352385910176_211385208_n-300x300.jpg 300w, https:\/\/www.reloader.ch\/rock-cover-band\/wp-content\/uploads\/2013\/03\/303583_441352385910176_211385208_n-100x100.jpg 100w\" sizes=\"auto, (max-width: 150px) 100vw, 150px\" \/><\/a><\/p>\n<p><a href=\"https:\/\/www.reloader.ch\/rock-cover-band\/wp-content\/uploads\/2013\/03\/294303_441352525910162_348045103_n.jpg\"><img loading=\"lazy\" decoding=\"async\" src=\"https:\/\/www.reloader.ch\/rock-cover-band\/wp-content\/uploads\/2013\/03\/294303_441352525910162_348045103_n-150x150.jpg\" alt=\"294303_441352525910162_348045103_n\" width=\"150\" height=\"150\" class=\"alignleft size-thumbnail wp-image-936\" srcset=\"https:\/\/www.reloader.ch\/rock-cover-band\/wp-content\/uploads\/2013\/03\/294303_441352525910162_348045103_n-150x150.jpg 150w, https:\/\/www.reloader.ch\/rock-cover-band\/wp-content\/uploads\/2013\/03\/294303_441352525910162_348045103_n-300x300.jpg 300w, https:\/\/www.reloader.ch\/rock-cover-band\/wp-content\/uploads\/2013\/03\/294303_441352525910162_348045103_n-100x100.jpg 100w\" sizes=\"auto, (max-width: 150px) 100vw, 150px\" \/><\/a><\/p>\n<p><a href=\"https:\/\/www.reloader.ch\/rock-cover-band\/wp-content\/uploads\/2013\/03\/217969_441352242576857_302628830_n.jpg\"><img loading=\"lazy\" decoding=\"async\" src=\"https:\/\/www.reloader.ch\/rock-cover-band\/wp-content\/uploads\/2013\/03\/217969_441352242576857_302628830_n-150x150.jpg\" alt=\"217969_441352242576857_302628830_n\" width=\"150\" height=\"150\" class=\"alignleft size-thumbnail wp-image-935\" srcset=\"https:\/\/www.reloader.ch\/rock-cover-band\/wp-content\/uploads\/2013\/03\/217969_441352242576857_302628830_n-150x150.jpg 150w, https:\/\/www.reloader.ch\/rock-cover-band\/wp-content\/uploads\/2013\/03\/217969_441352242576857_302628830_n-300x300.jpg 300w, https:\/\/www.reloader.ch\/rock-cover-band\/wp-content\/uploads\/2013\/03\/217969_441352242576857_302628830_n-100x100.jpg 100w\" sizes=\"auto, (max-width: 150px) 100vw, 150px\" \/><\/a><\/p>\n<p><figure id=\"attachment_934\" aria-describedby=\"caption-attachment-934\" style=\"width: 150px\" class=\"wp-caption alignleft\"><a href=\"https:\/\/www.reloader.ch\/rock-cover-band\/wp-content\/uploads\/2013\/03\/199742_441352219243526_2006773995_n.jpg\"><img loading=\"lazy\" decoding=\"async\" src=\"https:\/\/www.reloader.ch\/rock-cover-band\/wp-content\/uploads\/2013\/03\/199742_441352219243526_2006773995_n-150x150.jpg\" alt=\"Walder Rock-Night\" width=\"150\" height=\"150\" class=\"size-thumbnail wp-image-934\" srcset=\"https:\/\/www.reloader.ch\/rock-cover-band\/wp-content\/uploads\/2013\/03\/199742_441352219243526_2006773995_n-150x150.jpg 150w, https:\/\/www.reloader.ch\/rock-cover-band\/wp-content\/uploads\/2013\/03\/199742_441352219243526_2006773995_n-300x300.jpg 300w, https:\/\/www.reloader.ch\/rock-cover-band\/wp-content\/uploads\/2013\/03\/199742_441352219243526_2006773995_n-100x100.jpg 100w\" sizes=\"auto, (max-width: 150px) 100vw, 150px\" \/><\/a><figcaption id=\"caption-attachment-934\" class=\"wp-caption-text\">Walder Rock-Night<\/figcaption><\/figure><br \/>\n<a href=\"http:\/\/rocknightswald.jimdo.com\/programm\/\" target=\"_blank\"><\/p>\n<h3>Walder Rock-Night, August 2012<\/h3>\n<p><\/a><\/p>\n","protected":false},"excerpt":{"rendered":"<p>Es ist f\u00fcr jede Band eine Ehre, ein Gastspiel bei der Walder Rock-Night geben zu k\u00f6nnen. RELOADER waren 2012 eingeladen f\u00fcr Stimmung zu sorgen. RELOADER an der Walder Rock-Night Walder Rock-Night, August 2012<\/p>\n","protected":false},"author":1,"featured_media":893,"parent":0,"menu_order":0,"comment_status":"closed","ping_status":"closed","template":"","meta":{"footnotes":""},"class_list":{"0":"post-952","1":"page","2":"type-page","3":"status-publish","4":"has-post-thumbnail","5":"hentry","6":"entry","7":"clearfix","8":"entry-grid","9":"entry-columns-default","10":"entry-page-module-layout-standard","11":"thumbnail-color-tone-dark","12":"entry-page","14":"entry-page-grid"},"_links":{"self":[{"href":"https:\/\/www.reloader.ch\/rock-cover-band\/wp-json\/wp\/v2\/pages\/952","targetHints":{"allow":["GET"]}}],"collection":[{"href":"https:\/\/www.reloader.ch\/rock-cover-band\/wp-json\/wp\/v2\/pages"}],"about":[{"href":"https:\/\/www.reloader.ch\/rock-cover-band\/wp-json\/wp\/v2\/types\/page"}],"author":[{"embeddable":true,"href":"https:\/\/www.reloader.ch\/rock-cover-band\/wp-json\/wp\/v2\/users\/1"}],"replies":[{"embeddable":true,"href":"https:\/\/www.reloader.ch\/rock-cover-band\/wp-json\/wp\/v2\/comments?post=952"}],"version-history":[{"count":8,"href":"https:\/\/www.reloader.ch\/rock-cover-band\/wp-json\/wp\/v2\/pages\/952\/revisions"}],"predecessor-version":[{"id":955,"href":"https:\/\/www.reloader.ch\/rock-cover-band\/wp-json\/wp\/v2\/pages\/952\/revisions\/955"}],"wp:featuredmedia":[{"embeddable":true,"href":"https:\/\/www.reloader.ch\/rock-cover-band\/wp-json\/wp\/v2\/media\/893"}],"wp:attachment":[{"href":"https:\/\/www.reloader.ch\/rock-cover-band\/wp-json\/wp\/v2\/media?parent=952"}],"curies":[{"name":"wp","href":"https:\/\/api.w.org\/{rel}","templated":true}]}}