{"id":902,"date":"2013-03-08T21:06:53","date_gmt":"2013-03-08T20:06:53","guid":{"rendered":"http:\/\/www.reloader.ch\/rock-cover-band\/?page_id=902"},"modified":"2018-10-14T15:57:00","modified_gmt":"2018-10-14T13:57:00","slug":"restaurant-pfistern-alpnach-2012","status":"publish","type":"page","link":"https:\/\/www.reloader.ch\/rock-cover-band\/restaurant-pfistern-alpnach-2012\/","title":{"rendered":"Restaurant Pfistern | 2012"},"content":{"rendered":"<h4>\u00fc30-Party, Restaurant Pfistern \u00abUP\u00bb, 2012<\/h4>\n<p>Im Restaurant Pfistern spielen wir immer wieder gerne auf. In Alpnach erwarten uns jedes mal die treuesten Supporter von Mr. Fastfinger Armando Wallimann. An der \u00fc30-Party war das Publikum wieder voll dabei. Ob\u2019s wohl daran gelegen haben mag, weil sich die Anwesenden wieder in ihre wilde Jugend zur\u00fcck versetzt f\u00fchlten?<br \/>\n<div class='polaroid-gallery galleryid-902' style='width:600px;'>\n\t\t\t<a href=\"https:\/\/www.reloader.ch\/rock-cover-band\/wp-content\/uploads\/2013\/03\/553778_461815103863904_2066234644_n.jpg\" title=\"553778_461815103863904_2066234644_n\" rel=\"polaroid_483911196\" class=\"polaroid-gallery-item showcaption\"><span class=\"polaroid-gallery-image\" title=\"Move Your Body!\" style=\"background-image: url(https:\/\/www.reloader.ch\/rock-cover-band\/wp-content\/uploads\/2013\/03\/553778_461815103863904_2066234644_n-150x150.jpg); width: 130px; height: 130px;\"><\/span><\/a>\n\t\t\t<a href=\"https:\/\/www.reloader.ch\/rock-cover-band\/wp-content\/uploads\/2013\/03\/425958_461815090530572_1408633628_n.jpg\" title=\"Warum nicht mal wieder nen Luftgitarren-Contest &#8230;\" rel=\"polaroid_483911196\" class=\"polaroid-gallery-item showcaption\"><span class=\"polaroid-gallery-image\" title=\"Warum nicht mal wieder nen Luftgitarren-Contest &#8230;\" style=\"background-image: url(https:\/\/www.reloader.ch\/rock-cover-band\/wp-content\/uploads\/2013\/03\/425958_461815090530572_1408633628_n-150x150.jpg); width: 130px; height: 130px;\"><\/span><\/a>\n\t\t\t<a href=\"https:\/\/www.reloader.ch\/rock-cover-band\/wp-content\/uploads\/2013\/03\/315519_461815277197220_1485193250_n.jpg\" title=\"Auch die Barm\u00e4dels hatten ihren Spass &#8230;\" rel=\"polaroid_483911196\" class=\"polaroid-gallery-item showcaption\"><span class=\"polaroid-gallery-image\" title=\"Auch die Barm\u00e4dels hatten ihren Spass &#8230;\" style=\"background-image: url(https:\/\/www.reloader.ch\/rock-cover-band\/wp-content\/uploads\/2013\/03\/315519_461815277197220_1485193250_n-150x150.jpg); width: 130px; height: 130px;\"><\/span><\/a>\n\t\t\t<a href=\"https:\/\/www.reloader.ch\/rock-cover-band\/wp-content\/uploads\/2013\/03\/269882_461815400530541_690990297_n.jpg\" title=\"H\u00e4sch gseh, d\u00e4 Fl\u00f6ru isch au da &#8230;\" rel=\"polaroid_483911196\" class=\"polaroid-gallery-item showcaption\"><span class=\"polaroid-gallery-image\" title=\"H\u00e4sch gseh, d\u00e4 Fl\u00f6ru isch au da &#8230;\" style=\"background-image: url(https:\/\/www.reloader.ch\/rock-cover-band\/wp-content\/uploads\/2013\/03\/269882_461815400530541_690990297_n-150x150.jpg); width: 130px; height: 130px;\"><\/span><\/a>\n\t\t\t<br style=\"clear: both;\" \/>\n\t\t\t<a href=\"https:\/\/www.reloader.ch\/rock-cover-band\/wp-content\/uploads\/2013\/03\/224488_461815190530562_2021778131_n.jpg\" title=\"Guckst du!\" rel=\"polaroid_483911196\" class=\"polaroid-gallery-item showcaption\"><span class=\"polaroid-gallery-image\" title=\"Guckst du!\" style=\"background-image: url(https:\/\/www.reloader.ch\/rock-cover-band\/wp-content\/uploads\/2013\/03\/224488_461815190530562_2021778131_n-150x150.jpg); width: 130px; height: 130px;\"><\/span><\/a>\n\t\t\t<a href=\"https:\/\/www.reloader.ch\/rock-cover-band\/wp-content\/uploads\/2013\/03\/190382_461815137197234_1966672850_n.jpg\" title=\"Lights On.\" rel=\"polaroid_483911196\" class=\"polaroid-gallery-item showcaption\"><span class=\"polaroid-gallery-image\" title=\"Lights On!\" style=\"background-image: url(https:\/\/www.reloader.ch\/rock-cover-band\/wp-content\/uploads\/2013\/03\/190382_461815137197234_1966672850_n-150x150.jpg); width: 130px; height: 130px;\"><\/span><\/a>\n\t\t\t<a href=\"https:\/\/www.reloader.ch\/rock-cover-band\/wp-content\/uploads\/2013\/03\/155384_461815123863902_1578461901_n.jpg\" title=\"Die \u00fc30-Party war ein durchschlagender Erfolg!\" rel=\"polaroid_483911196\" class=\"polaroid-gallery-item showcaption\"><span class=\"polaroid-gallery-image\" title=\"Die \u00fc30-Party war ein durchschlagender Erfolg!\" style=\"background-image: url(https:\/\/www.reloader.ch\/rock-cover-band\/wp-content\/uploads\/2013\/03\/155384_461815123863902_1578461901_n-150x150.jpg); width: 130px; height: 130px;\"><\/span><\/a>\n\t\t\t<a href=\"https:\/\/www.reloader.ch\/rock-cover-band\/wp-content\/uploads\/2013\/03\/16988_461815260530555_657744841_n.jpg\" title=\"CU soon!\" rel=\"polaroid_483911196\" class=\"polaroid-gallery-item showcaption\"><span class=\"polaroid-gallery-image\" title=\"CU soon!\" style=\"background-image: url(https:\/\/www.reloader.ch\/rock-cover-band\/wp-content\/uploads\/2013\/03\/16988_461815260530555_657744841_n-150x150.jpg); width: 130px; height: 130px;\"><\/span><\/a>\n\t\t\t<br style=\"clear: both;\" \/><\/div>\n<br \/>\n<a href=\"http:\/\/www.pfisternalpnach.ch\/\" target=\"_blank\"><br \/>\n<\/a><\/p>\n<h3>\u00fc30party im Restaurant Pfistern<\/h3>\n","protected":false},"excerpt":{"rendered":"<p>\u00fc30-Party, Restaurant Pfistern \u00abUP\u00bb, 2012 Im Restaurant Pfistern spielen wir immer wieder gerne auf. In Alpnach erwarten uns jedes mal die treuesten Supporter von Mr. Fastfinger Armando Wallimann. An der \u00fc30-Party war das Publikum wieder voll dabei. Ob\u2019s wohl daran gelegen haben mag, weil sich die Anwesenden wieder in ihre wilde Jugend zur\u00fcck versetzt f\u00fchlten?&#8230;<\/p>\n<p><a rel=\"bookmark\" class=\"loud_button_alt wvc-button wvc-button-size-xs\" href=\"https:\/\/www.reloader.ch\/rock-cover-band\/restaurant-pfistern-alpnach-2012\/\"><span>Continue reading<\/span><\/a><\/p>\n","protected":false},"author":1,"featured_media":893,"parent":0,"menu_order":0,"comment_status":"open","ping_status":"closed","template":"","meta":{"footnotes":""},"class_list":{"0":"post-902","1":"page","2":"type-page","3":"status-publish","4":"has-post-thumbnail","5":"hentry","6":"entry","7":"clearfix","8":"entry-grid","9":"entry-columns-default","10":"entry-page-module-layout-standard","11":"thumbnail-color-tone-dark","12":"entry-page","14":"entry-page-grid"},"_links":{"self":[{"href":"https:\/\/www.reloader.ch\/rock-cover-band\/wp-json\/wp\/v2\/pages\/902","targetHints":{"allow":["GET"]}}],"collection":[{"href":"https:\/\/www.reloader.ch\/rock-cover-band\/wp-json\/wp\/v2\/pages"}],"about":[{"href":"https:\/\/www.reloader.ch\/rock-cover-band\/wp-json\/wp\/v2\/types\/page"}],"author":[{"embeddable":true,"href":"https:\/\/www.reloader.ch\/rock-cover-band\/wp-json\/wp\/v2\/users\/1"}],"replies":[{"embeddable":true,"href":"https:\/\/www.reloader.ch\/rock-cover-band\/wp-json\/wp\/v2\/comments?post=902"}],"version-history":[{"count":16,"href":"https:\/\/www.reloader.ch\/rock-cover-band\/wp-json\/wp\/v2\/pages\/902\/revisions"}],"predecessor-version":[{"id":910,"href":"https:\/\/www.reloader.ch\/rock-cover-band\/wp-json\/wp\/v2\/pages\/902\/revisions\/910"}],"wp:featuredmedia":[{"embeddable":true,"href":"https:\/\/www.reloader.ch\/rock-cover-band\/wp-json\/wp\/v2\/media\/893"}],"wp:attachment":[{"href":"https:\/\/www.reloader.ch\/rock-cover-band\/wp-json\/wp\/v2\/media?parent=902"}],"curies":[{"name":"wp","href":"https:\/\/api.w.org\/{rel}","templated":true}]}}