{"id":7428,"date":"2022-04-24T15:27:51","date_gmt":"2022-04-24T13:27:51","guid":{"rendered":"https:\/\/www.reloader.ch\/rock-cover-band\/?page_id=7428"},"modified":"2022-09-28T09:39:40","modified_gmt":"2022-09-28T07:39:40","slug":"andreas-pfeifer","status":"publish","type":"page","link":"https:\/\/www.reloader.ch\/rock-cover-band\/andreas-pfeifer\/","title":{"rendered":"Andreas Pfeifer, Bass"},"content":{"rendered":"<div class=\"wpb-content-wrapper\"><p>[vc_row equal_height=&#8220;&#8220; font_color=&#8220;light&#8220; background_type=&#8220;transparent&#8220; shift_y=&#8220;0&#8243; z_index=&#8220;0&#8243;][vc_column width=&#8220;2\/3&#8243;][vc_column_text]<\/p>\n<div><span lang=\"DE-AT\">Andreas Pfeifer lebt seit kurzem in der Schweiz und fand bei <strong>RELOADER<\/strong> unverz\u00fcglich musikalisches Asyl. Seine musikalischen Wurzeln liegen in der \u00f6sterreichischen Volksmusik. Mit sieben Jahren lernte er an der Musikschule steirische Ziehharmonika.<br \/>\nSp\u00e4ter \u2013 als er von der Volksmusik die Nase voll hatte \u2013 wechselte er folgerichtig in die Genres Rock, Punkrock und Metal. Freunde suchten gerade einen Bassisten in ihrer Punkrockband und so dachte er sich: \u00abDas kann ja nicht so schwer sein\u00bb, lernte E-Bass und wurde in der Band aufgenommen. Schnell verliebte er sich in sein Instrument und die tiefen T\u00f6ne. W\u00e4hrend seiner Studienzeit spielte er in einigen Coverbands und bis vor Kurzem Hardrock. Neben seiner Leidenschaft f\u00fcr Rock und Hardrock gibt er sich aber auch gerne PowerMetal auf die Ohren aber auch Death- und Thrash-Metal schrecken ihn nicht ab<\/span><span lang=\"DE-AT\">. <\/span><\/div>\n<div><\/div>\n<div><span lang=\"DE-AT\">Sein 5-Saiter ist sein ganzer Stolz und er freut sich jetzt schon auf viele Gigs mit <strong>RELOADER. <\/strong>Mit seinem Tiroler Schm\u00e4h und pr\u00e4zisen Sound sorgt er bereits jetzt f\u00fcr gute Stimmung in der Band.<\/span><\/div>\n<p>[\/vc_column_text][vc_single_image image=&#8220;7451&#8243; img_size=&#8220;full&#8220; full_width=&#8220;1&#8243; alignment=&#8220;left&#8220; opacity=&#8220;100&#8243; max_width=&#8220;250px&#8220;][vc_column_text]<\/p>\n<blockquote><p>\u00abEs freut mich nun mit RELOADER auch in der Schweiz abrocken zu k\u00f6nnen!\u00bb<\/p><\/blockquote>\n<h5>Andreas Pfeifer<\/h5>\n<p>[\/vc_column_text][\/vc_column][vc_column width=&#8220;1\/3&#8243;][vc_gallery img_size=&#8220;600&#215;600&#8243; slides_per_view=&#8220;2&#8243; images=&#8220;7503,7509,7610&#8243;][\/vc_column][\/vc_row]<\/p>\n<\/div>","protected":false},"excerpt":{"rendered":"<p>[vc_row equal_height=&#8220;&#8220; font_color=&#8220;light&#8220; background_type=&#8220;transparent&#8220; shift_y=&#8220;0&#8243; z_index=&#8220;0&#8243;][vc_column width=&#8220;2\/3&#8243;][vc_column_text] Andreas Pfeifer lebt seit kurzem in der Schweiz und fand bei RELOADER unverz\u00fcglich musikalisches Asyl. Seine musikalischen Wurzeln liegen in der \u00f6sterreichischen Volksmusik. Mit sieben Jahren lernte er an der Musikschule steirische Ziehharmonika. Sp\u00e4ter \u2013 als er von der Volksmusik die Nase voll hatte \u2013 wechselte er folgerichtig&#8230;<\/p>\n<p><a rel=\"bookmark\" class=\"loud_button_alt wvc-button wvc-button-size-xs\" href=\"https:\/\/www.reloader.ch\/rock-cover-band\/andreas-pfeifer\/\"><span>Continue reading<\/span><\/a><\/p>\n","protected":false},"author":1,"featured_media":7440,"parent":0,"menu_order":0,"comment_status":"closed","ping_status":"closed","template":"","meta":{"footnotes":""},"class_list":{"0":"post-7428","1":"page","2":"type-page","3":"status-publish","4":"has-post-thumbnail","5":"hentry","6":"entry","7":"clearfix","8":"entry-grid","9":"entry-columns-default","10":"entry-page-module-layout-standard","11":"thumbnail-color-tone-dark","12":"metro-landscape","13":"entry-page","15":"entry-page-grid"},"_links":{"self":[{"href":"https:\/\/www.reloader.ch\/rock-cover-band\/wp-json\/wp\/v2\/pages\/7428","targetHints":{"allow":["GET"]}}],"collection":[{"href":"https:\/\/www.reloader.ch\/rock-cover-band\/wp-json\/wp\/v2\/pages"}],"about":[{"href":"https:\/\/www.reloader.ch\/rock-cover-band\/wp-json\/wp\/v2\/types\/page"}],"author":[{"embeddable":true,"href":"https:\/\/www.reloader.ch\/rock-cover-band\/wp-json\/wp\/v2\/users\/1"}],"replies":[{"embeddable":true,"href":"https:\/\/www.reloader.ch\/rock-cover-band\/wp-json\/wp\/v2\/comments?post=7428"}],"version-history":[{"count":23,"href":"https:\/\/www.reloader.ch\/rock-cover-band\/wp-json\/wp\/v2\/pages\/7428\/revisions"}],"predecessor-version":[{"id":7704,"href":"https:\/\/www.reloader.ch\/rock-cover-band\/wp-json\/wp\/v2\/pages\/7428\/revisions\/7704"}],"wp:featuredmedia":[{"embeddable":true,"href":"https:\/\/www.reloader.ch\/rock-cover-band\/wp-json\/wp\/v2\/media\/7440"}],"wp:attachment":[{"href":"https:\/\/www.reloader.ch\/rock-cover-band\/wp-json\/wp\/v2\/media?parent=7428"}],"curies":[{"name":"wp","href":"https:\/\/api.w.org\/{rel}","templated":true}]}}