{"id":3933,"date":"2018-06-24T11:52:11","date_gmt":"2018-06-24T09:52:11","guid":{"rendered":"https:\/\/www.reloader.ch\/rock-cover-band\/?page_id=3933"},"modified":"2018-10-06T11:46:46","modified_gmt":"2018-10-06T09:46:46","slug":"datenschutzerklaerung","status":"publish","type":"page","link":"https:\/\/www.reloader.ch\/rock-cover-band\/datenschutzerklaerung\/","title":{"rendered":"Datenschutzerkl\u00e4rung"},"content":{"rendered":"<div class=\"wpb-content-wrapper\"><p>[vc_row equal_height=&#8220;&#8220; font_color=&#8220;light&#8220; background_type=&#8220;transparent&#8220; shift_y=&#8220;0&#8243; z_index=&#8220;0&#8243;][vc_column content_alignment=&#8220;left&#8220; text_alignment=&#8220;left&#8220; shift_x=&#8220;0&#8243; shift_y=&#8220;0&#8243; z_index=&#8220;0&#8243;][vc_column_text]<\/p>\n<h2 style=\"text-align: left;\">Wer wir sind<\/h2>\n<p style=\"text-align: left;\">Die Adresse unserer Website ist: https:\/\/www.reloader.ch\/rock-cover-band\/suche-rock-cover-band\/<\/p>\n<h2 style=\"text-align: left;\">Welche personenbezogenen Daten wir sammeln und warum wir sie sammeln<\/h2>\n<h3 style=\"text-align: left;\">Kommentare<\/h3>\n<p style=\"text-align: left;\">Wenn Besucher Kommentare auf der Website schreiben, sammeln wir die Daten, die im Kommentar-Formular angezeigt werden, au\u00dferdem die IP-Adresse des Besuchers und den User-Agent-String (damit wird der Browser identifiziert), um die Erkennung von Spam zu unterst\u00fctzen.<\/p>\n<p style=\"text-align: left;\">Aus deiner E-Mail-Adresse kann eine anonymisierte Zeichenfolge erstellt (auch Hash genannt) und dem Gravatar-Dienst \u00fcbergeben werden, um zu pr\u00fcfen, ob du diesen benutzt. Die Datenschutzerkl\u00e4rung des Gravatar-Dienstes findest du hier: https:\/\/automattic.com\/privacy\/. Nachdem dein Kommentar freigegeben wurde, ist dein Profilbild \u00f6ffentlich im Kontext deines Kommentars sichtbar.<\/p>\n<h3 style=\"text-align: left;\">Kontaktformulare<\/h3>\n<h3 style=\"text-align: left;\">Cookies<\/h3>\n<p style=\"text-align: left;\">Wenn du einen Kommentar auf unserer Website schreibst, kann das eine Einwilligung sein, deinen Namen, E-Mail-Adresse und Website in Cookies zu speichern. Dies ist eine Komfortfunktion, damit du nicht, wenn du einen weiteren Kommentar schreibst, all diese Daten erneut eingeben musst. Diese Cookies werden ein Jahr lang gespeichert.<\/p>\n<h3 style=\"text-align: left;\">Eingebettete Inhalte von anderen Websites<\/h3>\n<p style=\"text-align: left;\">Beitr\u00e4ge auf dieser Website k\u00f6nnen eingebettete Inhalte beinhalten (z.\u00a0B. Videos, Bilder, Beitr\u00e4ge etc.). Eingebettete Inhalte von anderen Websites verhalten sich exakt so, als ob der Besucher die andere Website besucht h\u00e4tte.<\/p>\n<p style=\"text-align: left;\">Diese Websites k\u00f6nnen Daten \u00fcber dich sammeln, Cookies benutzen, zus\u00e4tzliche Tracking-Dienste von Dritten einbetten und deine Interaktion mit diesem eingebetteten Inhalt aufzeichnen, inklusive deiner Interaktion mit dem eingebetteten Inhalt, falls du ein Konto hast und auf dieser Website angemeldet bist.<\/p>\n<h3 style=\"text-align: left;\">Analysedienste<\/h3>\n<p style=\"text-align: left;\">Damit wir die Webseite stets den Bed\u00fcrfnissen unserer Besucher anpassen k\u00f6nnen, sammeln wir \u2013 mit Hilfe von GoogleAnalytics \u2013 relevante Informationen dar\u00fcber, welche Seiten besonders beliebt sind und deshalb h\u00e4ufig aufgerufen werden.<\/p>\n<h2 style=\"text-align: left;\">Wie lange wir deine Daten speichern<\/h2>\n<p style=\"text-align: left;\">Wenn du einen Kommentar schreibst, wird dieser inklusive Metadaten zeitlich unbegrenzt gespeichert. Auf diese Art k\u00f6nnen wir Folgekommentare automatisch erkennen und freigeben, anstelle sie in einer Moderations-Warteschlange festzuhalten.<\/p>\n<h2 style=\"text-align: left;\">Welche Rechte du an deinen Daten hast<\/h2>\n<p style=\"text-align: left;\">Wenn du ein Konto auf dieser Website besitzt oder Kommentare geschrieben hast, kannst du einen Export deiner personenbezogenen Daten bei uns anfordern, inklusive aller Daten, die du uns mitgeteilt hast. Dar\u00fcber hinaus kannst du die L\u00f6schung aller personenbezogenen Daten, die wir von dir gespeichert haben, anfordern. Dies umfasst nicht die Daten, die wir aufgrund administrativer, rechtlicher oder sicherheitsrelevanter Notwendigkeiten aufbewahren m\u00fcssen.<\/p>\n<h2 style=\"text-align: left;\">Wohin wir deine Daten senden<\/h2>\n<p style=\"text-align: left;\">Besucher-Kommentare k\u00f6nnten von einem automatisierten Dienst zur Spam-Erkennung untersucht werden.<\/p>\n<p>[\/vc_column_text][\/vc_column][\/vc_row]<\/p>\n<\/div>","protected":false},"excerpt":{"rendered":"<p>[vc_row equal_height=&#8220;&#8220; font_color=&#8220;light&#8220; background_type=&#8220;transparent&#8220; shift_y=&#8220;0&#8243; z_index=&#8220;0&#8243;][vc_column content_alignment=&#8220;left&#8220; text_alignment=&#8220;left&#8220; shift_x=&#8220;0&#8243; shift_y=&#8220;0&#8243; z_index=&#8220;0&#8243;][vc_column_text] Wer wir sind Die Adresse unserer Website ist: https:\/\/www.reloader.ch\/rock-cover-band\/suche-rock-cover-band\/ Welche personenbezogenen Daten wir sammeln und warum wir sie sammeln Kommentare Wenn Besucher Kommentare auf der Website schreiben, sammeln wir die Daten, die im Kommentar-Formular angezeigt werden, au\u00dferdem die IP-Adresse des Besuchers und den User-Agent-String&#8230;<\/p>\n<p><a rel=\"bookmark\" class=\"loud_button_alt wvc-button wvc-button-size-xs\" href=\"https:\/\/www.reloader.ch\/rock-cover-band\/datenschutzerklaerung\/\"><span>Continue reading<\/span><\/a><\/p>\n","protected":false},"author":1,"featured_media":3186,"parent":0,"menu_order":0,"comment_status":"closed","ping_status":"closed","template":"","meta":{"footnotes":""},"class_list":{"0":"post-3933","1":"page","2":"type-page","3":"status-publish","4":"has-post-thumbnail","5":"hentry","6":"entry","7":"clearfix","8":"entry-grid","9":"entry-columns-default","10":"entry-page-module-layout-standard","11":"thumbnail-color-tone-dark","12":"entry-page","14":"entry-page-grid"},"_links":{"self":[{"href":"https:\/\/www.reloader.ch\/rock-cover-band\/wp-json\/wp\/v2\/pages\/3933","targetHints":{"allow":["GET"]}}],"collection":[{"href":"https:\/\/www.reloader.ch\/rock-cover-band\/wp-json\/wp\/v2\/pages"}],"about":[{"href":"https:\/\/www.reloader.ch\/rock-cover-band\/wp-json\/wp\/v2\/types\/page"}],"author":[{"embeddable":true,"href":"https:\/\/www.reloader.ch\/rock-cover-band\/wp-json\/wp\/v2\/users\/1"}],"replies":[{"embeddable":true,"href":"https:\/\/www.reloader.ch\/rock-cover-band\/wp-json\/wp\/v2\/comments?post=3933"}],"version-history":[{"count":5,"href":"https:\/\/www.reloader.ch\/rock-cover-band\/wp-json\/wp\/v2\/pages\/3933\/revisions"}],"predecessor-version":[{"id":5740,"href":"https:\/\/www.reloader.ch\/rock-cover-band\/wp-json\/wp\/v2\/pages\/3933\/revisions\/5740"}],"wp:featuredmedia":[{"embeddable":true,"href":"https:\/\/www.reloader.ch\/rock-cover-band\/wp-json\/wp\/v2\/media\/3186"}],"wp:attachment":[{"href":"https:\/\/www.reloader.ch\/rock-cover-band\/wp-json\/wp\/v2\/media?parent=3933"}],"curies":[{"name":"wp","href":"https:\/\/api.w.org\/{rel}","templated":true}]}}