{"id":3544,"date":"2016-08-20T20:08:03","date_gmt":"2016-08-20T18:08:03","guid":{"rendered":"http:\/\/www.reloader.ch\/rock-cover-band\/?page_id=3544"},"modified":"2018-10-06T09:55:10","modified_gmt":"2018-10-06T07:55:10","slug":"oepfelibar-2016","status":"publish","type":"page","link":"https:\/\/www.reloader.ch\/rock-cover-band\/oepfelibar-2016\/","title":{"rendered":"\u00d6pfelibar | 2016"},"content":{"rendered":"<p><img loading=\"lazy\" decoding=\"async\" class=\"alignleft size-thumbnail wp-image-3546\" src=\"https:\/\/www.reloader.ch\/rock-cover-band\/wp-content\/uploads\/2016\/08\/IMG_3152-130x130.jpg\" alt=\"IMG_3152\" width=\"130\" height=\"130\" srcset=\"https:\/\/www.reloader.ch\/rock-cover-band\/wp-content\/uploads\/2016\/08\/IMG_3152-130x130.jpg 130w, https:\/\/www.reloader.ch\/rock-cover-band\/wp-content\/uploads\/2016\/08\/IMG_3152-300x300.jpg 300w, https:\/\/www.reloader.ch\/rock-cover-band\/wp-content\/uploads\/2016\/08\/IMG_3152-100x100.jpg 100w, https:\/\/www.reloader.ch\/rock-cover-band\/wp-content\/uploads\/2016\/08\/IMG_3152-1024x1024.jpg 1024w\" sizes=\"auto, (max-width: 130px) 100vw, 130px\" \/>2016 feierte die \u00d6pfelibar ihr 20ig-j\u00e4hriges Dasein am Churer Stadtfest. Bei diesem einzigartigen Event durften auch <strong>RELOADER<\/strong> nicht fehlen und so setzte die Crew alle Hebel in Bewegung, damit wir auch bei widrigen Wetterverh\u00e4ltnissen einen gelungenen Gastauftritt auf die extra f\u00fcr uns geschaffenen Bretter legen konnten. Leider konnten wir Marco, aus gesundheitlichen Gr\u00fcnden, nicht offiziell als unseren Mischer, geb\u00fchrend verabschieden. Doch er hat sich die M\u00fche gemacht und uns mit einem kurzen Besuch beehrt, wo wir ihm gute Genesung w\u00fcnschen und uns f\u00fcr seine Dienste, in den letzten Jahren, bedanken konnten.<\/p>\n<p>Die Stimmung war auch dieses Jahr wieder der H\u00f6lle Wahnsinn!!! Und so waren sich am Ende wieder alle einig: \u00abDas war bestimmt nicht unser letzter Auftritt an dieser legend\u00e4ren Bar!\u00bb Welche es notabene, im Ranking der lokalen Medien, unter die drei interessantesten Pl\u00e4tze auf dem Festgel\u00e4nde geschafft hat.<\/p>\n<style type=\"text\/css\">\n#foogallery-gallery-3547 .fg-image { width: 130px; }\n#foogallery-gallery-3547 { --fg-gutter: 10px; }<\/style>\n\t\t\t<div class=\"foogallery foogallery-container foogallery-default foogallery-lightbox-foobox-free fg-center fg-default fg-ready fg-light fg-border-thin fg-shadow-small fg-loading-default fg-loaded-fade-in fg-hover-fade fg-hover-zoom\" id=\"foogallery-gallery-3547\" data-foogallery=\"{&quot;item&quot;:{&quot;showCaptionTitle&quot;:true,&quot;showCaptionDescription&quot;:false},&quot;lazy&quot;:true}\" style=\"--fg-title-line-clamp: 0; --fg-description-line-clamp: 0;\" >\n\t<div class=\"fg-item fg-type-image fg-idle\"><figure class=\"fg-item-inner\"><a href=\"https:\/\/www.reloader.ch\/rock-cover-band\/wp-content\/uploads\/2016\/08\/IMG_3152-1.jpg\" data-attachment-id=\"3549\" data-type=\"image\" class=\"fg-thumb\"><span class=\"fg-image-wrap\"><img decoding=\"async\" width=\"130\" height=\"130\" class=\"skip-lazy fg-image\" data-src-fg=\"https:\/\/www.reloader.ch\/rock-cover-band\/wp-content\/uploads\/cache\/2016\/08\/IMG_3152-1\/845513683.jpg\" src=\"data:image\/svg+xml,%3Csvg%20xmlns%3D%22http%3A%2F%2Fwww.w3.org%2F2000%2Fsvg%22%20width%3D%22130%22%20height%3D%22130%22%20viewBox%3D%220%200%20130%20130%22%3E%3C%2Fsvg%3E\" loading=\"eager\"><\/span><span class=\"fg-image-overlay\"><\/span><\/a><\/figure><div class=\"fg-loader\"><\/div><\/div><div class=\"fg-item fg-type-image fg-idle\"><figure class=\"fg-item-inner\"><a href=\"https:\/\/www.reloader.ch\/rock-cover-band\/wp-content\/uploads\/2016\/08\/IMG_3115.jpg\" data-attachment-id=\"3548\" data-type=\"image\" class=\"fg-thumb\"><span class=\"fg-image-wrap\"><img decoding=\"async\" width=\"130\" height=\"130\" class=\"skip-lazy fg-image\" data-src-fg=\"https:\/\/www.reloader.ch\/rock-cover-band\/wp-content\/uploads\/cache\/2016\/08\/IMG_3115\/503882270.jpg\" src=\"data:image\/svg+xml,%3Csvg%20xmlns%3D%22http%3A%2F%2Fwww.w3.org%2F2000%2Fsvg%22%20width%3D%22130%22%20height%3D%22130%22%20viewBox%3D%220%200%20130%20130%22%3E%3C%2Fsvg%3E\" loading=\"eager\"><\/span><span class=\"fg-image-overlay\"><\/span><\/a><\/figure><div class=\"fg-loader\"><\/div><\/div><div class=\"fg-item fg-type-image fg-idle\"><figure class=\"fg-item-inner\"><a href=\"https:\/\/www.reloader.ch\/rock-cover-band\/wp-content\/uploads\/2016\/08\/IMG_3155.jpg\" data-attachment-id=\"3550\" data-type=\"image\" class=\"fg-thumb\"><span class=\"fg-image-wrap\"><img decoding=\"async\" width=\"130\" height=\"130\" class=\"skip-lazy fg-image\" data-src-fg=\"https:\/\/www.reloader.ch\/rock-cover-band\/wp-content\/uploads\/cache\/2016\/08\/IMG_3155\/472063261.jpg\" src=\"data:image\/svg+xml,%3Csvg%20xmlns%3D%22http%3A%2F%2Fwww.w3.org%2F2000%2Fsvg%22%20width%3D%22130%22%20height%3D%22130%22%20viewBox%3D%220%200%20130%20130%22%3E%3C%2Fsvg%3E\" loading=\"eager\"><\/span><span class=\"fg-image-overlay\"><\/span><\/a><\/figure><div class=\"fg-loader\"><\/div><\/div><div class=\"fg-item fg-type-image fg-idle\"><figure class=\"fg-item-inner\"><a href=\"https:\/\/www.reloader.ch\/rock-cover-band\/wp-content\/uploads\/2016\/08\/IMG_3161.jpg\" data-attachment-id=\"3551\" data-type=\"image\" class=\"fg-thumb\"><span class=\"fg-image-wrap\"><img decoding=\"async\" width=\"130\" height=\"130\" class=\"skip-lazy fg-image\" data-src-fg=\"https:\/\/www.reloader.ch\/rock-cover-band\/wp-content\/uploads\/cache\/2016\/08\/IMG_3161\/1409328039.jpg\" src=\"data:image\/svg+xml,%3Csvg%20xmlns%3D%22http%3A%2F%2Fwww.w3.org%2F2000%2Fsvg%22%20width%3D%22130%22%20height%3D%22130%22%20viewBox%3D%220%200%20130%20130%22%3E%3C%2Fsvg%3E\" loading=\"eager\"><\/span><span class=\"fg-image-overlay\"><\/span><\/a><\/figure><div class=\"fg-loader\"><\/div><\/div><div class=\"fg-item fg-type-image fg-idle\"><figure class=\"fg-item-inner\"><a href=\"https:\/\/www.reloader.ch\/rock-cover-band\/wp-content\/uploads\/2016\/08\/IMG_3165.jpg\" data-attachment-id=\"3552\" data-type=\"image\" class=\"fg-thumb\"><span class=\"fg-image-wrap\"><img decoding=\"async\" alt=\"\u00d6pf\u00e4libar Chur\" width=\"130\" height=\"130\" class=\"skip-lazy fg-image\" data-src-fg=\"https:\/\/www.reloader.ch\/rock-cover-band\/wp-content\/uploads\/cache\/2016\/08\/IMG_3165\/353779347.jpg\" src=\"data:image\/svg+xml,%3Csvg%20xmlns%3D%22http%3A%2F%2Fwww.w3.org%2F2000%2Fsvg%22%20width%3D%22130%22%20height%3D%22130%22%20viewBox%3D%220%200%20130%20130%22%3E%3C%2Fsvg%3E\" loading=\"eager\"><\/span><span class=\"fg-image-overlay\"><\/span><\/a><\/figure><div class=\"fg-loader\"><\/div><\/div><div class=\"fg-item fg-type-image fg-idle\"><figure class=\"fg-item-inner\"><a href=\"https:\/\/www.reloader.ch\/rock-cover-band\/wp-content\/uploads\/2016\/08\/IMG_3232.jpg\" data-attachment-id=\"3553\" data-type=\"image\" class=\"fg-thumb\"><span class=\"fg-image-wrap\"><img decoding=\"async\" width=\"130\" height=\"130\" class=\"skip-lazy fg-image\" data-src-fg=\"https:\/\/www.reloader.ch\/rock-cover-band\/wp-content\/uploads\/cache\/2016\/08\/IMG_3232\/1268204867.jpg\" src=\"data:image\/svg+xml,%3Csvg%20xmlns%3D%22http%3A%2F%2Fwww.w3.org%2F2000%2Fsvg%22%20width%3D%22130%22%20height%3D%22130%22%20viewBox%3D%220%200%20130%20130%22%3E%3C%2Fsvg%3E\" loading=\"eager\"><\/span><span class=\"fg-image-overlay\"><\/span><\/a><\/figure><div class=\"fg-loader\"><\/div><\/div><div class=\"fg-item fg-type-image fg-idle\"><figure class=\"fg-item-inner\"><a href=\"https:\/\/www.reloader.ch\/rock-cover-band\/wp-content\/uploads\/2016\/08\/IMG1.jpg\" data-attachment-id=\"3561\" data-type=\"image\" class=\"fg-thumb\"><span class=\"fg-image-wrap\"><img decoding=\"async\" width=\"130\" height=\"130\" class=\"skip-lazy fg-image\" data-src-fg=\"https:\/\/www.reloader.ch\/rock-cover-band\/wp-content\/uploads\/cache\/2016\/08\/IMG1\/155175998.jpg\" src=\"data:image\/svg+xml,%3Csvg%20xmlns%3D%22http%3A%2F%2Fwww.w3.org%2F2000%2Fsvg%22%20width%3D%22130%22%20height%3D%22130%22%20viewBox%3D%220%200%20130%20130%22%3E%3C%2Fsvg%3E\" loading=\"eager\"><\/span><span class=\"fg-image-overlay\"><\/span><\/a><\/figure><div class=\"fg-loader\"><\/div><\/div><div class=\"fg-item fg-type-image fg-idle\"><figure class=\"fg-item-inner\"><a href=\"https:\/\/www.reloader.ch\/rock-cover-band\/wp-content\/uploads\/2016\/08\/IMG_3262.jpg\" data-attachment-id=\"3554\" data-type=\"image\" class=\"fg-thumb\"><span class=\"fg-image-wrap\"><img decoding=\"async\" width=\"130\" height=\"130\" class=\"skip-lazy fg-image\" data-src-fg=\"https:\/\/www.reloader.ch\/rock-cover-band\/wp-content\/uploads\/cache\/2016\/08\/IMG_3262\/2771168596.jpg\" src=\"data:image\/svg+xml,%3Csvg%20xmlns%3D%22http%3A%2F%2Fwww.w3.org%2F2000%2Fsvg%22%20width%3D%22130%22%20height%3D%22130%22%20viewBox%3D%220%200%20130%20130%22%3E%3C%2Fsvg%3E\" loading=\"eager\"><\/span><span class=\"fg-image-overlay\"><\/span><\/a><\/figure><div class=\"fg-loader\"><\/div><\/div><div class=\"fg-item fg-type-image fg-idle\"><figure class=\"fg-item-inner\"><a href=\"https:\/\/www.reloader.ch\/rock-cover-band\/wp-content\/uploads\/2016\/08\/IMG_3456.jpg\" data-attachment-id=\"3557\" data-type=\"image\" class=\"fg-thumb\"><span class=\"fg-image-wrap\"><img decoding=\"async\" width=\"130\" height=\"130\" class=\"skip-lazy fg-image\" data-src-fg=\"https:\/\/www.reloader.ch\/rock-cover-band\/wp-content\/uploads\/cache\/2016\/08\/IMG_3456\/3500768482.jpg\" src=\"data:image\/svg+xml,%3Csvg%20xmlns%3D%22http%3A%2F%2Fwww.w3.org%2F2000%2Fsvg%22%20width%3D%22130%22%20height%3D%22130%22%20viewBox%3D%220%200%20130%20130%22%3E%3C%2Fsvg%3E\" loading=\"eager\"><\/span><span class=\"fg-image-overlay\"><\/span><\/a><\/figure><div class=\"fg-loader\"><\/div><\/div><div class=\"fg-item fg-type-image fg-idle\"><figure class=\"fg-item-inner\"><a href=\"https:\/\/www.reloader.ch\/rock-cover-band\/wp-content\/uploads\/2016\/08\/IMG_3492.jpg\" data-attachment-id=\"3559\" data-type=\"image\" class=\"fg-thumb\"><span class=\"fg-image-wrap\"><img decoding=\"async\" width=\"130\" height=\"130\" class=\"skip-lazy fg-image\" data-src-fg=\"https:\/\/www.reloader.ch\/rock-cover-band\/wp-content\/uploads\/cache\/2016\/08\/IMG_3492\/570416637.jpg\" src=\"data:image\/svg+xml,%3Csvg%20xmlns%3D%22http%3A%2F%2Fwww.w3.org%2F2000%2Fsvg%22%20width%3D%22130%22%20height%3D%22130%22%20viewBox%3D%220%200%20130%20130%22%3E%3C%2Fsvg%3E\" loading=\"eager\"><\/span><span class=\"fg-image-overlay\"><\/span><\/a><\/figure><div class=\"fg-loader\"><\/div><\/div><div class=\"fg-item fg-type-image fg-idle\"><figure class=\"fg-item-inner\"><a href=\"https:\/\/www.reloader.ch\/rock-cover-band\/wp-content\/uploads\/2016\/08\/IMG_3390.jpg\" data-attachment-id=\"3555\" data-type=\"image\" class=\"fg-thumb\"><span class=\"fg-image-wrap\"><img decoding=\"async\" width=\"130\" height=\"130\" class=\"skip-lazy fg-image\" data-src-fg=\"https:\/\/www.reloader.ch\/rock-cover-band\/wp-content\/uploads\/cache\/2016\/08\/IMG_3390\/580289091.jpg\" src=\"data:image\/svg+xml,%3Csvg%20xmlns%3D%22http%3A%2F%2Fwww.w3.org%2F2000%2Fsvg%22%20width%3D%22130%22%20height%3D%22130%22%20viewBox%3D%220%200%20130%20130%22%3E%3C%2Fsvg%3E\" loading=\"eager\"><\/span><span class=\"fg-image-overlay\"><\/span><\/a><\/figure><div class=\"fg-loader\"><\/div><\/div><div class=\"fg-item fg-type-image fg-idle\"><figure class=\"fg-item-inner\"><a href=\"https:\/\/www.reloader.ch\/rock-cover-band\/wp-content\/uploads\/2016\/08\/P1000138.jpg\" data-attachment-id=\"3567\" data-type=\"image\" class=\"fg-thumb\"><span class=\"fg-image-wrap\"><img decoding=\"async\" width=\"130\" height=\"130\" class=\"skip-lazy fg-image\" data-src-fg=\"https:\/\/www.reloader.ch\/rock-cover-band\/wp-content\/uploads\/cache\/2016\/08\/P1000138\/3659541206.jpg\" src=\"data:image\/svg+xml,%3Csvg%20xmlns%3D%22http%3A%2F%2Fwww.w3.org%2F2000%2Fsvg%22%20width%3D%22130%22%20height%3D%22130%22%20viewBox%3D%220%200%20130%20130%22%3E%3C%2Fsvg%3E\" loading=\"eager\"><\/span><span class=\"fg-image-overlay\"><\/span><\/a><\/figure><div class=\"fg-loader\"><\/div><\/div><div class=\"fg-item fg-type-image fg-idle\"><figure class=\"fg-item-inner\"><a href=\"https:\/\/www.reloader.ch\/rock-cover-band\/wp-content\/uploads\/2016\/08\/IMG_3434.jpg\" data-attachment-id=\"3556\" data-type=\"image\" class=\"fg-thumb\"><span class=\"fg-image-wrap\"><img decoding=\"async\" width=\"130\" height=\"130\" class=\"skip-lazy fg-image\" data-src-fg=\"https:\/\/www.reloader.ch\/rock-cover-band\/wp-content\/uploads\/cache\/2016\/08\/IMG_3434\/343051920.jpg\" src=\"data:image\/svg+xml,%3Csvg%20xmlns%3D%22http%3A%2F%2Fwww.w3.org%2F2000%2Fsvg%22%20width%3D%22130%22%20height%3D%22130%22%20viewBox%3D%220%200%20130%20130%22%3E%3C%2Fsvg%3E\" loading=\"eager\"><\/span><span class=\"fg-image-overlay\"><\/span><\/a><\/figure><div class=\"fg-loader\"><\/div><\/div><div class=\"fg-item fg-type-image fg-idle\"><figure class=\"fg-item-inner\"><a href=\"https:\/\/www.reloader.ch\/rock-cover-band\/wp-content\/uploads\/2016\/08\/IMG_3482.jpg\" data-attachment-id=\"3558\" data-type=\"image\" class=\"fg-thumb\"><span class=\"fg-image-wrap\"><img decoding=\"async\" width=\"130\" height=\"130\" class=\"skip-lazy fg-image\" data-src-fg=\"https:\/\/www.reloader.ch\/rock-cover-band\/wp-content\/uploads\/cache\/2016\/08\/IMG_3482\/3277866299.jpg\" src=\"data:image\/svg+xml,%3Csvg%20xmlns%3D%22http%3A%2F%2Fwww.w3.org%2F2000%2Fsvg%22%20width%3D%22130%22%20height%3D%22130%22%20viewBox%3D%220%200%20130%20130%22%3E%3C%2Fsvg%3E\" loading=\"eager\"><\/span><span class=\"fg-image-overlay\"><\/span><\/a><\/figure><div class=\"fg-loader\"><\/div><\/div><div class=\"fg-item fg-type-image fg-idle\"><figure class=\"fg-item-inner\"><a href=\"https:\/\/www.reloader.ch\/rock-cover-band\/wp-content\/uploads\/2016\/08\/P1000068.jpg\" data-attachment-id=\"3565\" data-type=\"image\" class=\"fg-thumb\"><span class=\"fg-image-wrap\"><img decoding=\"async\" width=\"130\" height=\"130\" class=\"skip-lazy fg-image\" data-src-fg=\"https:\/\/www.reloader.ch\/rock-cover-band\/wp-content\/uploads\/cache\/2016\/08\/P1000068\/1338842092.jpg\" src=\"data:image\/svg+xml,%3Csvg%20xmlns%3D%22http%3A%2F%2Fwww.w3.org%2F2000%2Fsvg%22%20width%3D%22130%22%20height%3D%22130%22%20viewBox%3D%220%200%20130%20130%22%3E%3C%2Fsvg%3E\" loading=\"eager\"><\/span><span class=\"fg-image-overlay\"><\/span><\/a><\/figure><div class=\"fg-loader\"><\/div><\/div><div class=\"fg-item fg-type-image fg-idle\"><figure class=\"fg-item-inner\"><a href=\"https:\/\/www.reloader.ch\/rock-cover-band\/wp-content\/uploads\/2016\/08\/IMG_3512-1.jpg\" data-attachment-id=\"3560\" data-type=\"image\" class=\"fg-thumb\"><span class=\"fg-image-wrap\"><img decoding=\"async\" width=\"130\" height=\"130\" class=\"skip-lazy fg-image\" data-src-fg=\"https:\/\/www.reloader.ch\/rock-cover-band\/wp-content\/uploads\/cache\/2016\/08\/IMG_3512-1\/1089105457.jpg\" src=\"data:image\/svg+xml,%3Csvg%20xmlns%3D%22http%3A%2F%2Fwww.w3.org%2F2000%2Fsvg%22%20width%3D%22130%22%20height%3D%22130%22%20viewBox%3D%220%200%20130%20130%22%3E%3C%2Fsvg%3E\" loading=\"eager\"><\/span><span class=\"fg-image-overlay\"><\/span><\/a><\/figure><div class=\"fg-loader\"><\/div><\/div><div class=\"fg-item fg-type-image fg-idle\"><figure class=\"fg-item-inner\"><a href=\"https:\/\/www.reloader.ch\/rock-cover-band\/wp-content\/uploads\/2016\/08\/IMG2.jpg\" data-attachment-id=\"3562\" data-type=\"image\" class=\"fg-thumb\"><span class=\"fg-image-wrap\"><img decoding=\"async\" width=\"130\" height=\"130\" class=\"skip-lazy fg-image\" data-src-fg=\"https:\/\/www.reloader.ch\/rock-cover-band\/wp-content\/uploads\/cache\/2016\/08\/IMG2\/1058153405.jpg\" src=\"data:image\/svg+xml,%3Csvg%20xmlns%3D%22http%3A%2F%2Fwww.w3.org%2F2000%2Fsvg%22%20width%3D%22130%22%20height%3D%22130%22%20viewBox%3D%220%200%20130%20130%22%3E%3C%2Fsvg%3E\" loading=\"eager\"><\/span><span class=\"fg-image-overlay\"><\/span><\/a><\/figure><div class=\"fg-loader\"><\/div><\/div><div class=\"fg-item fg-type-image fg-idle\"><figure class=\"fg-item-inner\"><a href=\"https:\/\/www.reloader.ch\/rock-cover-band\/wp-content\/uploads\/2016\/08\/P1000137.jpg\" data-attachment-id=\"3566\" data-type=\"image\" class=\"fg-thumb\"><span class=\"fg-image-wrap\"><img decoding=\"async\" width=\"130\" height=\"130\" class=\"skip-lazy fg-image\" data-src-fg=\"https:\/\/www.reloader.ch\/rock-cover-band\/wp-content\/uploads\/cache\/2016\/08\/P1000137\/4142183679.jpg\" src=\"data:image\/svg+xml,%3Csvg%20xmlns%3D%22http%3A%2F%2Fwww.w3.org%2F2000%2Fsvg%22%20width%3D%22130%22%20height%3D%22130%22%20viewBox%3D%220%200%20130%20130%22%3E%3C%2Fsvg%3E\" loading=\"eager\"><\/span><span class=\"fg-image-overlay\"><\/span><\/a><\/figure><div class=\"fg-loader\"><\/div><\/div><div class=\"fg-item fg-type-image fg-idle\"><figure class=\"fg-item-inner\"><a href=\"https:\/\/www.reloader.ch\/rock-cover-band\/wp-content\/uploads\/2016\/08\/IMG6.jpg\" data-attachment-id=\"3563\" data-type=\"image\" class=\"fg-thumb\"><span class=\"fg-image-wrap\"><img decoding=\"async\" width=\"130\" height=\"130\" class=\"skip-lazy fg-image\" data-src-fg=\"https:\/\/www.reloader.ch\/rock-cover-band\/wp-content\/uploads\/cache\/2016\/08\/IMG6\/1709799256.jpg\" src=\"data:image\/svg+xml,%3Csvg%20xmlns%3D%22http%3A%2F%2Fwww.w3.org%2F2000%2Fsvg%22%20width%3D%22130%22%20height%3D%22130%22%20viewBox%3D%220%200%20130%20130%22%3E%3C%2Fsvg%3E\" loading=\"eager\"><\/span><span class=\"fg-image-overlay\"><\/span><\/a><\/figure><div class=\"fg-loader\"><\/div><\/div><div class=\"fg-item fg-type-image fg-idle\"><figure class=\"fg-item-inner\"><a href=\"https:\/\/www.reloader.ch\/rock-cover-band\/wp-content\/uploads\/2016\/08\/P1000061.jpg\" data-attachment-id=\"3564\" data-type=\"image\" class=\"fg-thumb\"><span class=\"fg-image-wrap\"><img decoding=\"async\" width=\"130\" height=\"130\" class=\"skip-lazy fg-image\" data-src-fg=\"https:\/\/www.reloader.ch\/rock-cover-band\/wp-content\/uploads\/cache\/2016\/08\/P1000061\/2774961218.jpg\" src=\"data:image\/svg+xml,%3Csvg%20xmlns%3D%22http%3A%2F%2Fwww.w3.org%2F2000%2Fsvg%22%20width%3D%22130%22%20height%3D%22130%22%20viewBox%3D%220%200%20130%20130%22%3E%3C%2Fsvg%3E\" loading=\"eager\"><\/span><span class=\"fg-image-overlay\"><\/span><\/a><\/figure><div class=\"fg-loader\"><\/div><\/div><\/div>\n\n","protected":false},"excerpt":{"rendered":"<p>2016 feierte die \u00d6pfelibar ihr 20ig-j\u00e4hriges Dasein am Churer Stadtfest. Bei diesem einzigartigen Event durften auch RELOADER nicht fehlen und so setzte die Crew alle Hebel in Bewegung, damit wir auch bei widrigen Wetterverh\u00e4ltnissen einen gelungenen Gastauftritt auf die extra f\u00fcr uns geschaffenen Bretter legen konnten. Leider konnten wir Marco, aus gesundheitlichen Gr\u00fcnden, nicht offiziell&#8230;<\/p>\n<p><a rel=\"bookmark\" class=\"loud_button_alt wvc-button wvc-button-size-xs\" href=\"https:\/\/www.reloader.ch\/rock-cover-band\/oepfelibar-2016\/\"><span>Continue reading<\/span><\/a><\/p>\n","protected":false},"author":1,"featured_media":3565,"parent":0,"menu_order":0,"comment_status":"closed","ping_status":"closed","template":"","meta":{"footnotes":""},"class_list":{"0":"post-3544","1":"page","2":"type-page","3":"status-publish","4":"has-post-thumbnail","5":"hentry","6":"entry","7":"clearfix","8":"entry-grid","9":"entry-columns-default","10":"entry-page-module-layout-standard","11":"thumbnail-color-tone-dark","12":"entry-page","14":"entry-page-grid"},"_links":{"self":[{"href":"https:\/\/www.reloader.ch\/rock-cover-band\/wp-json\/wp\/v2\/pages\/3544","targetHints":{"allow":["GET"]}}],"collection":[{"href":"https:\/\/www.reloader.ch\/rock-cover-band\/wp-json\/wp\/v2\/pages"}],"about":[{"href":"https:\/\/www.reloader.ch\/rock-cover-band\/wp-json\/wp\/v2\/types\/page"}],"author":[{"embeddable":true,"href":"https:\/\/www.reloader.ch\/rock-cover-band\/wp-json\/wp\/v2\/users\/1"}],"replies":[{"embeddable":true,"href":"https:\/\/www.reloader.ch\/rock-cover-band\/wp-json\/wp\/v2\/comments?post=3544"}],"version-history":[{"count":3,"href":"https:\/\/www.reloader.ch\/rock-cover-band\/wp-json\/wp\/v2\/pages\/3544\/revisions"}],"predecessor-version":[{"id":6061,"href":"https:\/\/www.reloader.ch\/rock-cover-band\/wp-json\/wp\/v2\/pages\/3544\/revisions\/6061"}],"wp:featuredmedia":[{"embeddable":true,"href":"https:\/\/www.reloader.ch\/rock-cover-band\/wp-json\/wp\/v2\/media\/3565"}],"wp:attachment":[{"href":"https:\/\/www.reloader.ch\/rock-cover-band\/wp-json\/wp\/v2\/media?parent=3544"}],"curies":[{"name":"wp","href":"https:\/\/api.w.org\/{rel}","templated":true}]}}