{"id":2175,"date":"2013-10-27T20:26:39","date_gmt":"2013-10-27T19:26:39","guid":{"rendered":"http:\/\/www.reloader.ch\/rock-cover-band\/?page_id=2175"},"modified":"2018-10-06T11:42:17","modified_gmt":"2018-10-06T09:42:17","slug":"birthdayparty-2013","status":"publish","type":"page","link":"https:\/\/www.reloader.ch\/rock-cover-band\/birthdayparty-2013\/","title":{"rendered":"Birthdayparty | 2013"},"content":{"rendered":"<figure id=\"attachment_2208\" aria-describedby=\"caption-attachment-2208\" style=\"width: 130px\" class=\"wp-caption alignleft\"><a href=\"https:\/\/www.reloader.ch\/rock-cover-band\/wp-content\/uploads\/2013\/10\/v.jpg\"><img loading=\"lazy\" decoding=\"async\" class=\"size-thumbnail wp-image-2208\" src=\"https:\/\/www.reloader.ch\/rock-cover-band\/wp-content\/uploads\/2013\/10\/v-130x130.jpg\" alt=\"Birthdayparty, Tom K\u00f6hli, Palazzo Chur\" width=\"130\" height=\"130\" srcset=\"https:\/\/www.reloader.ch\/rock-cover-band\/wp-content\/uploads\/2013\/10\/v-130x130.jpg 130w, https:\/\/www.reloader.ch\/rock-cover-band\/wp-content\/uploads\/2013\/10\/v-300x300.jpg 300w, https:\/\/www.reloader.ch\/rock-cover-band\/wp-content\/uploads\/2013\/10\/v-100x100.jpg 100w, https:\/\/www.reloader.ch\/rock-cover-band\/wp-content\/uploads\/2013\/10\/v-1024x1024.jpg 1024w\" sizes=\"auto, (max-width: 130px) 100vw, 130px\" \/><\/a><figcaption id=\"caption-attachment-2208\" class=\"wp-caption-text\">Birthdayparty, Tom K\u00f6hli, Palazzo Chur<\/figcaption><\/figure>\n<h4>Birthdayparty von Tom K\u00f6hli, 2013<\/h4>\n<p>Eine fulminante Geburtstagsparty war gleichzeitig w\u00fcrdiger Abschluss eines kurzen jedoch unvergesslichen Konzertjahres! <strong>RELOADER<\/strong> hatten die Ehre, gemeinsam mit Tom und seinen Freunden abfeiern zu d\u00fcrfen. Zwei Monate nach der <a href=\"https:\/\/www.reloader.ch\/rock-cover-band\/oepfelibar-churer-stadtfest-2013\/\"><b>legend\u00e4ren Party an der \u00d6pfelibar<\/b><\/a> wurden <strong>RELOADER<\/strong> erneut mit Begeisterung im Churer Palazzo empfangen. Unser spezieller Dank aber gilt Ines und ihren Helfern, die diese Party \u00fcberhaupt m\u00f6glich machten. Bleibt alle gesund, damit wir auch 2014 wieder gemeinsam abgehen k\u00f6nnen! Denn sp\u00e4testens nach diesem Abend ist allen klar: <strong>\u00abChur rockt und zwar ganz gewaltig!\u00bb<\/strong><\/p>\n<div class='polaroid-gallery galleryid-2175' style='width:600px;'>\n\t\t\t<a href=\"https:\/\/www.reloader.ch\/rock-cover-band\/wp-content\/uploads\/2013\/10\/birthdayparty_tom_0.jpg\" title=\"birthdayparty_tom_0\" rel=\"polaroid_1134805670\" class=\"polaroid-gallery-item showcaption\"><span class=\"polaroid-gallery-image\" title=\"\" style=\"background-image: url(https:\/\/www.reloader.ch\/rock-cover-band\/wp-content\/uploads\/2013\/10\/birthdayparty_tom_0-130x130.jpg); width: 130px; height: 130px;\"><\/span><\/a>\n\t\t\t<a href=\"https:\/\/www.reloader.ch\/rock-cover-band\/wp-content\/uploads\/2013\/10\/birthdayparty_tom_0a.jpg\" title=\"birthdayparty_tom_0a\" rel=\"polaroid_1134805670\" class=\"polaroid-gallery-item showcaption\"><span class=\"polaroid-gallery-image\" title=\"\" style=\"background-image: url(https:\/\/www.reloader.ch\/rock-cover-band\/wp-content\/uploads\/2013\/10\/birthdayparty_tom_0a-130x130.jpg); width: 130px; height: 130px;\"><\/span><\/a>\n\t\t\t<a href=\"https:\/\/www.reloader.ch\/rock-cover-band\/wp-content\/uploads\/2013\/10\/birthdayparty_tom_01.jpg\" title=\"birthdayparty_tom_01\" rel=\"polaroid_1134805670\" class=\"polaroid-gallery-item showcaption\"><span class=\"polaroid-gallery-image\" title=\"\" style=\"background-image: url(https:\/\/www.reloader.ch\/rock-cover-band\/wp-content\/uploads\/2013\/10\/birthdayparty_tom_01-130x130.jpg); width: 130px; height: 130px;\"><\/span><\/a>\n\t\t\t<a href=\"https:\/\/www.reloader.ch\/rock-cover-band\/wp-content\/uploads\/2013\/10\/birthdayparty_tom_02.jpg\" title=\"birthdayparty_tom_02\" rel=\"polaroid_1134805670\" class=\"polaroid-gallery-item showcaption\"><span class=\"polaroid-gallery-image\" title=\"\" style=\"background-image: url(https:\/\/www.reloader.ch\/rock-cover-band\/wp-content\/uploads\/2013\/10\/birthdayparty_tom_02-130x130.jpg); width: 130px; height: 130px;\"><\/span><\/a>\n\t\t\t<br style=\"clear: both;\" \/>\n\t\t\t<a href=\"https:\/\/www.reloader.ch\/rock-cover-band\/wp-content\/uploads\/2013\/10\/birthdayparty_tom_03.jpg\" title=\"birthdayparty_tom_03\" rel=\"polaroid_1134805670\" class=\"polaroid-gallery-item showcaption\"><span class=\"polaroid-gallery-image\" title=\"\" style=\"background-image: url(https:\/\/www.reloader.ch\/rock-cover-band\/wp-content\/uploads\/2013\/10\/birthdayparty_tom_03-130x130.jpg); width: 130px; height: 130px;\"><\/span><\/a>\n\t\t\t<a href=\"https:\/\/www.reloader.ch\/rock-cover-band\/wp-content\/uploads\/2013\/10\/birthdayparty_tom_07.jpg\" title=\"birthdayparty_tom_07\" rel=\"polaroid_1134805670\" class=\"polaroid-gallery-item showcaption\"><span class=\"polaroid-gallery-image\" title=\"\" style=\"background-image: url(https:\/\/www.reloader.ch\/rock-cover-band\/wp-content\/uploads\/2013\/10\/birthdayparty_tom_07-130x130.jpg); width: 130px; height: 130px;\"><\/span><\/a>\n\t\t\t<a href=\"https:\/\/www.reloader.ch\/rock-cover-band\/wp-content\/uploads\/2013\/10\/birthdayparty_tom_08.jpg\" title=\"birthdayparty_tom_08\" rel=\"polaroid_1134805670\" class=\"polaroid-gallery-item showcaption\"><span class=\"polaroid-gallery-image\" title=\"\" style=\"background-image: url(https:\/\/www.reloader.ch\/rock-cover-band\/wp-content\/uploads\/2013\/10\/birthdayparty_tom_08-130x130.jpg); width: 130px; height: 130px;\"><\/span><\/a>\n\t\t\t<a href=\"https:\/\/www.reloader.ch\/rock-cover-band\/wp-content\/uploads\/2013\/10\/birthdayparty_tom_09.jpg\" title=\"birthdayparty_tom_09\" rel=\"polaroid_1134805670\" class=\"polaroid-gallery-item showcaption\"><span class=\"polaroid-gallery-image\" title=\"\" style=\"background-image: url(https:\/\/www.reloader.ch\/rock-cover-band\/wp-content\/uploads\/2013\/10\/birthdayparty_tom_09-130x130.jpg); width: 130px; height: 130px;\"><\/span><\/a>\n\t\t\t<br style=\"clear: both;\" \/>\n\t\t\t<a href=\"https:\/\/www.reloader.ch\/rock-cover-band\/wp-content\/uploads\/2013\/10\/birthdayparty_tom_10.jpg\" title=\"birthdayparty_tom_10\" rel=\"polaroid_1134805670\" class=\"polaroid-gallery-item showcaption\"><span class=\"polaroid-gallery-image\" title=\"\" style=\"background-image: url(https:\/\/www.reloader.ch\/rock-cover-band\/wp-content\/uploads\/2013\/10\/birthdayparty_tom_10-130x130.jpg); width: 130px; height: 130px;\"><\/span><\/a>\n\t\t\t<a href=\"https:\/\/www.reloader.ch\/rock-cover-band\/wp-content\/uploads\/2013\/10\/birthdayparty_tom_11.jpg\" title=\"birthdayparty_tom_11\" rel=\"polaroid_1134805670\" class=\"polaroid-gallery-item showcaption\"><span class=\"polaroid-gallery-image\" title=\"\" style=\"background-image: url(https:\/\/www.reloader.ch\/rock-cover-band\/wp-content\/uploads\/2013\/10\/birthdayparty_tom_11-130x130.jpg); width: 130px; height: 130px;\"><\/span><\/a>\n\t\t\t<a href=\"https:\/\/www.reloader.ch\/rock-cover-band\/wp-content\/uploads\/2013\/10\/birthdayparty_tom_12.jpg\" title=\"birthdayparty_tom_12\" rel=\"polaroid_1134805670\" class=\"polaroid-gallery-item showcaption\"><span class=\"polaroid-gallery-image\" title=\"\" style=\"background-image: url(https:\/\/www.reloader.ch\/rock-cover-band\/wp-content\/uploads\/2013\/10\/birthdayparty_tom_12-130x130.jpg); width: 130px; height: 130px;\"><\/span><\/a>\n\t\t\t<a href=\"https:\/\/www.reloader.ch\/rock-cover-band\/wp-content\/uploads\/2013\/10\/birthdayparty_tom_13.jpg\" title=\"birthdayparty_tom_13\" rel=\"polaroid_1134805670\" class=\"polaroid-gallery-item showcaption\"><span class=\"polaroid-gallery-image\" title=\"\" style=\"background-image: url(https:\/\/www.reloader.ch\/rock-cover-band\/wp-content\/uploads\/2013\/10\/birthdayparty_tom_13-130x130.jpg); width: 130px; height: 130px;\"><\/span><\/a>\n\t\t\t<br style=\"clear: both;\" \/>\n\t\t\t<a href=\"https:\/\/www.reloader.ch\/rock-cover-band\/wp-content\/uploads\/2013\/10\/birthdayparty_tom_14.jpg\" title=\"birthdayparty_tom_14\" rel=\"polaroid_1134805670\" class=\"polaroid-gallery-item showcaption\"><span class=\"polaroid-gallery-image\" title=\"\" style=\"background-image: url(https:\/\/www.reloader.ch\/rock-cover-band\/wp-content\/uploads\/2013\/10\/birthdayparty_tom_14-130x130.jpg); width: 130px; height: 130px;\"><\/span><\/a>\n\t\t\t<a href=\"https:\/\/www.reloader.ch\/rock-cover-band\/wp-content\/uploads\/2013\/10\/birthdayparty_tom_15.jpg\" title=\"birthdayparty_tom_15\" rel=\"polaroid_1134805670\" class=\"polaroid-gallery-item showcaption\"><span class=\"polaroid-gallery-image\" title=\"\" style=\"background-image: url(https:\/\/www.reloader.ch\/rock-cover-band\/wp-content\/uploads\/2013\/10\/birthdayparty_tom_15-130x130.jpg); width: 130px; height: 130px;\"><\/span><\/a>\n\t\t\t<a href=\"https:\/\/www.reloader.ch\/rock-cover-band\/wp-content\/uploads\/2013\/10\/birthdayparty_tom_16.jpg\" title=\"birthdayparty_tom_16\" rel=\"polaroid_1134805670\" class=\"polaroid-gallery-item showcaption\"><span class=\"polaroid-gallery-image\" title=\"\" style=\"background-image: url(https:\/\/www.reloader.ch\/rock-cover-band\/wp-content\/uploads\/2013\/10\/birthdayparty_tom_16-130x130.jpg); width: 130px; height: 130px;\"><\/span><\/a>\n\t\t\t<a href=\"https:\/\/www.reloader.ch\/rock-cover-band\/wp-content\/uploads\/2013\/10\/birthdayparty_tom_04.jpg\" title=\"birthdayparty_tom_04\" rel=\"polaroid_1134805670\" class=\"polaroid-gallery-item showcaption\"><span class=\"polaroid-gallery-image\" title=\"\" style=\"background-image: url(https:\/\/www.reloader.ch\/rock-cover-band\/wp-content\/uploads\/2013\/10\/birthdayparty_tom_04-130x130.jpg); width: 130px; height: 130px;\"><\/span><\/a>\n\t\t\t<br style=\"clear: both;\" \/>\n\t\t\t<a href=\"https:\/\/www.reloader.ch\/rock-cover-band\/wp-content\/uploads\/2013\/10\/birthdayparty_tom_17.jpg\" title=\"birthdayparty_tom_17\" rel=\"polaroid_1134805670\" class=\"polaroid-gallery-item showcaption\"><span class=\"polaroid-gallery-image\" title=\"\" style=\"background-image: url(https:\/\/www.reloader.ch\/rock-cover-band\/wp-content\/uploads\/2013\/10\/birthdayparty_tom_17-130x130.jpg); width: 130px; height: 130px;\"><\/span><\/a>\n\t\t\t<a href=\"https:\/\/www.reloader.ch\/rock-cover-band\/wp-content\/uploads\/2013\/10\/birthdayparty_tom_18.jpg\" title=\"birthdayparty_tom_18\" rel=\"polaroid_1134805670\" class=\"polaroid-gallery-item showcaption\"><span class=\"polaroid-gallery-image\" title=\"\" style=\"background-image: url(https:\/\/www.reloader.ch\/rock-cover-band\/wp-content\/uploads\/2013\/10\/birthdayparty_tom_18-130x130.jpg); width: 130px; height: 130px;\"><\/span><\/a>\n\t\t\t<a href=\"https:\/\/www.reloader.ch\/rock-cover-band\/wp-content\/uploads\/2013\/10\/birthdayparty_tom_19.jpg\" title=\"birthdayparty_tom_19\" rel=\"polaroid_1134805670\" class=\"polaroid-gallery-item showcaption\"><span class=\"polaroid-gallery-image\" title=\"\" style=\"background-image: url(https:\/\/www.reloader.ch\/rock-cover-band\/wp-content\/uploads\/2013\/10\/birthdayparty_tom_19-130x130.jpg); width: 130px; height: 130px;\"><\/span><\/a>\n\t\t\t<a href=\"https:\/\/www.reloader.ch\/rock-cover-band\/wp-content\/uploads\/2013\/10\/birthdayparty_tom_20.jpg\" title=\"birthdayparty_tom_20\" rel=\"polaroid_1134805670\" class=\"polaroid-gallery-item showcaption\"><span class=\"polaroid-gallery-image\" title=\"\" style=\"background-image: url(https:\/\/www.reloader.ch\/rock-cover-band\/wp-content\/uploads\/2013\/10\/birthdayparty_tom_20-130x130.jpg); width: 130px; height: 130px;\"><\/span><\/a>\n\t\t\t<br style=\"clear: both;\" \/>\n\t\t\t<a href=\"https:\/\/www.reloader.ch\/rock-cover-band\/wp-content\/uploads\/2013\/10\/birthdayparty_tom_21.jpg\" title=\"birthdayparty_tom_21\" rel=\"polaroid_1134805670\" class=\"polaroid-gallery-item showcaption\"><span class=\"polaroid-gallery-image\" title=\"\" style=\"background-image: url(https:\/\/www.reloader.ch\/rock-cover-band\/wp-content\/uploads\/2013\/10\/birthdayparty_tom_21-130x130.jpg); width: 130px; height: 130px;\"><\/span><\/a>\n\t\t\t<a href=\"https:\/\/www.reloader.ch\/rock-cover-band\/wp-content\/uploads\/2013\/10\/birthdayparty_tom_05.jpg\" title=\"birthdayparty_tom_05\" rel=\"polaroid_1134805670\" class=\"polaroid-gallery-item showcaption\"><span class=\"polaroid-gallery-image\" title=\"\" style=\"background-image: url(https:\/\/www.reloader.ch\/rock-cover-band\/wp-content\/uploads\/2013\/10\/birthdayparty_tom_05-130x130.jpg); width: 130px; height: 130px;\"><\/span><\/a>\n\t\t\t<a href=\"https:\/\/www.reloader.ch\/rock-cover-band\/wp-content\/uploads\/2013\/10\/birthdayparty_tom_06.jpg\" title=\"birthdayparty_tom_06\" rel=\"polaroid_1134805670\" class=\"polaroid-gallery-item showcaption\"><span class=\"polaroid-gallery-image\" title=\"\" style=\"background-image: url(https:\/\/www.reloader.ch\/rock-cover-band\/wp-content\/uploads\/2013\/10\/birthdayparty_tom_06-130x130.jpg); width: 130px; height: 130px;\"><\/span><\/a>\n\t\t\t<a href=\"https:\/\/www.reloader.ch\/rock-cover-band\/wp-content\/uploads\/2013\/10\/birthdayparty_tom_22.jpg\" title=\"birthdayparty_tom_22\" rel=\"polaroid_1134805670\" class=\"polaroid-gallery-item showcaption\"><span class=\"polaroid-gallery-image\" title=\"\" style=\"background-image: url(https:\/\/www.reloader.ch\/rock-cover-band\/wp-content\/uploads\/2013\/10\/birthdayparty_tom_22-130x130.jpg); width: 130px; height: 130px;\"><\/span><\/a>\n\t\t\t<br style=\"clear: both;\" \/>\n\t\t\t<a href=\"https:\/\/www.reloader.ch\/rock-cover-band\/wp-content\/uploads\/2013\/10\/birthdayparty_tom_25.jpg\" title=\"birthdayparty_tom_25\" rel=\"polaroid_1134805670\" class=\"polaroid-gallery-item showcaption\"><span class=\"polaroid-gallery-image\" title=\"\" style=\"background-image: url(https:\/\/www.reloader.ch\/rock-cover-band\/wp-content\/uploads\/2013\/10\/birthdayparty_tom_25-130x130.jpg); width: 130px; height: 130px;\"><\/span><\/a>\n\t\t\t<a href=\"https:\/\/www.reloader.ch\/rock-cover-band\/wp-content\/uploads\/2013\/10\/birthdayparty_tom_28.jpg\" title=\"birthdayparty_tom_28\" rel=\"polaroid_1134805670\" class=\"polaroid-gallery-item showcaption\"><span class=\"polaroid-gallery-image\" title=\"\" style=\"background-image: url(https:\/\/www.reloader.ch\/rock-cover-band\/wp-content\/uploads\/2013\/10\/birthdayparty_tom_28-130x130.jpg); width: 130px; height: 130px;\"><\/span><\/a>\n\t\t\t<a href=\"https:\/\/www.reloader.ch\/rock-cover-band\/wp-content\/uploads\/2013\/10\/birthdayparty_tom_29.jpg\" title=\"birthdayparty_tom_29\" rel=\"polaroid_1134805670\" class=\"polaroid-gallery-item showcaption\"><span class=\"polaroid-gallery-image\" title=\"\" style=\"background-image: url(https:\/\/www.reloader.ch\/rock-cover-band\/wp-content\/uploads\/2013\/10\/birthdayparty_tom_29-130x130.jpg); width: 130px; height: 130px;\"><\/span><\/a>\n\t\t\t<br style=\"clear: both;\" \/><\/div>\n\n<h3><strong>Palazzo, Chur, 2013<\/strong><\/h3>\n","protected":false},"excerpt":{"rendered":"<p>Birthdayparty von Tom K\u00f6hli, 2013 Eine fulminante Geburtstagsparty war gleichzeitig w\u00fcrdiger Abschluss eines kurzen jedoch unvergesslichen Konzertjahres! RELOADER hatten die Ehre, gemeinsam mit Tom und seinen Freunden abfeiern zu d\u00fcrfen. Zwei Monate nach der legend\u00e4ren Party an der \u00d6pfelibar wurden RELOADER erneut mit Begeisterung im Churer Palazzo empfangen. Unser spezieller Dank aber gilt Ines und&#8230;<\/p>\n<p><a rel=\"bookmark\" class=\"loud_button_alt wvc-button wvc-button-size-xs\" href=\"https:\/\/www.reloader.ch\/rock-cover-band\/birthdayparty-2013\/\"><span>Continue reading<\/span><\/a><\/p>\n","protected":false},"author":1,"featured_media":2208,"parent":0,"menu_order":0,"comment_status":"closed","ping_status":"closed","template":"","meta":{"footnotes":""},"class_list":{"0":"post-2175","1":"page","2":"type-page","3":"status-publish","4":"has-post-thumbnail","5":"hentry","6":"entry","7":"clearfix","8":"entry-grid","9":"entry-columns-default","10":"entry-page-module-layout-standard","11":"thumbnail-color-tone-dark","12":"entry-page","14":"entry-page-grid"},"_links":{"self":[{"href":"https:\/\/www.reloader.ch\/rock-cover-band\/wp-json\/wp\/v2\/pages\/2175","targetHints":{"allow":["GET"]}}],"collection":[{"href":"https:\/\/www.reloader.ch\/rock-cover-band\/wp-json\/wp\/v2\/pages"}],"about":[{"href":"https:\/\/www.reloader.ch\/rock-cover-band\/wp-json\/wp\/v2\/types\/page"}],"author":[{"embeddable":true,"href":"https:\/\/www.reloader.ch\/rock-cover-band\/wp-json\/wp\/v2\/users\/1"}],"replies":[{"embeddable":true,"href":"https:\/\/www.reloader.ch\/rock-cover-band\/wp-json\/wp\/v2\/comments?post=2175"}],"version-history":[{"count":20,"href":"https:\/\/www.reloader.ch\/rock-cover-band\/wp-json\/wp\/v2\/pages\/2175\/revisions"}],"predecessor-version":[{"id":6071,"href":"https:\/\/www.reloader.ch\/rock-cover-band\/wp-json\/wp\/v2\/pages\/2175\/revisions\/6071"}],"wp:featuredmedia":[{"embeddable":true,"href":"https:\/\/www.reloader.ch\/rock-cover-band\/wp-json\/wp\/v2\/media\/2208"}],"wp:attachment":[{"href":"https:\/\/www.reloader.ch\/rock-cover-band\/wp-json\/wp\/v2\/media?parent=2175"}],"curies":[{"name":"wp","href":"https:\/\/api.w.org\/{rel}","templated":true}]}}